{"id":4,"date":"2022-01-07T23:02:04","date_gmt":"2022-01-08T03:02:04","guid":{"rendered":"https:\/\/ccim.mq\/bienvenue-sur-https-ccim-mq"},"modified":"2024-06-28T19:39:50","modified_gmt":"2024-06-28T23:39:50","slug":"bienvenue-sur-https-ccim-mq","status":"publish","type":"page","link":"https:\/\/ccim.mq\/","title":{"rendered":"Accueil"},"content":{"rendered":"\n\n\t\t\t<a href=\"https:\/\/ccim.mq\/?page_id=72\" target=\"_self\" role=\"button\" rel=\"noopener\">\n\t\t\t\t\t\t\tNous soutenir\n\t\t\t<\/a>\n\t\t\t\t<img loading=\"lazy\" decoding=\"async\" src=\"https:\/\/ccim.mq\/wp-content\/uploads\/2022\/01\/pexels-mona-termos-3139298-scaled.jpeg\" alt=\"pexels-mona-termos-3139298\" itemprop=\"image\" height=\"1707\" width=\"2560\" title=\"pexels-mona-termos-3139298\" onerror=\"this.style.display='none'\"  \/>\n\t<h3>Cours d&rsquo;Arabe<\/h3>\n<p>Individuels ou en groupe, nos cours d&rsquo;arabes sont ouverts \u00e0 tous !<\/p>\n<p><a href=\"https:\/\/ccim.mq\/?page_id=109\">Informations et r\u00e9servations<\/a><\/p>\n<p>&nbsp;<\/p>\n\t\t\t\t<img loading=\"lazy\" decoding=\"async\" src=\"https:\/\/ccim.mq\/wp-content\/uploads\/2022\/01\/ca1fb693-9452-42ac-8575-478e96b7e542.jpeg\" alt=\"ca1fb693-9452-42ac-8575-478e96b7e542\" itemprop=\"image\" height=\"768\" width=\"1024\" title=\"ca1fb693-9452-42ac-8575-478e96b7e542\" onerror=\"this.style.display='none'\"  \/>\n\t<h3>Calendrier du culte<\/h3>\n<p>Horaires de pri\u00e8res, Ramadan, dates des f\u00eates et autres informations sont \u00e0 retrouver dans notre <a href=\"https:\/\/ccim.mq\/?page_id=85\">Calendrier du culte<\/a>.<\/p>\n\t\t\t\t<img loading=\"lazy\" decoding=\"async\" src=\"https:\/\/ccim.mq\/wp-content\/uploads\/2022\/01\/pexels-safa-6873685-scaled.jpeg\" alt=\"pexels-safa-6873685\" itemprop=\"image\" height=\"1707\" width=\"2560\" title=\"pexels-safa-6873685\" onerror=\"this.style.display='none'\"  \/>\n\t<h3>L&rsquo;islam en Martinique<\/h3>\n<p>Ah bon? Il y a des martiniquais musulmans ? D\u00e9pi ki tan ?<\/p>\n<p>Pour en savoir plus : <a href=\"https:\/\/ccim.mq\/?page_id=129\">Questions fr\u00e9quentes<\/a> .<\/p>\n<h2>\n\t\tComment nous rendre visite ?\n\t<\/h2>\n\t<p>Adresse : Domaine de Bellevue \/ Lotissement La Carri\u00e8re, Route de Balata 97234 Fort-de-France<\/p>\n<p>Depuis la Rocade :<\/p>\n<ul>\n<li>prendre la sortie Pont-de-cha\u00eenes, direction RN3 &lsquo;Route de Balata&rsquo;,<\/li>\n<li>100m apr\u00e8s le centre commercial \u00ab\u00a0O&rsquo;coeur de Balata\u00a0\u00bb prendre la premi\u00e8re sortie \u00e0 droite.<\/li>\n<\/ul>\n<p>Bus n\u00b0: <strong>19<\/strong>, <strong>20<\/strong>, <strong>21<\/strong>, <strong>22<\/strong>, <strong>25\u00a0 \u00a0 \u00a0 \u00a0 \u00a0 <\/strong>Arr\u00eat : CROIS\u00c9E DESROCHERS<\/p>\n\t<iframe src=\"https:\/\/www.google.com\/maps\/embed?pb=!1m18!1m12!1m3!1d965.1396640729631!2d-61.07266097077821!3d14.6241996970183!2m3!1f0!2f0!3f0!3m2!1i1024!2i768!4f13.1!3m3!1m2!1s0x8c6aa6ea3bf385f1%3A0x2ec8228c66858327!2sCentre%20Culturel%20Islamique%20de%20la%20Martinique!5e0!3m2!1sfr!2sfr!4v1653616957605!5m2!1sfr!2sfr\" width=\"100%\" height=\"450\" allowfullscreen=\"\" loading=\"lazy\" referrerpolicy=\"no-referrer-when-downgrade\"><\/iframe>\n\n","protected":false},"excerpt":{"rendered":"<p>Nous soutenir Cours d&rsquo;Arabe Individuels ou en groupe, nos cours d&rsquo;arabes sont ouverts \u00e0 tous ! Informations et r\u00e9servations &nbsp; Calendrier du culte Horaires de pri\u00e8res, Ramadan, dates des f\u00eates et autres informations sont \u00e0 retrouver dans notre Calendrier du culte. L&rsquo;islam en Martinique Ah bon? Il y a des martiniquais musulmans ? D\u00e9pi ki [&hellip;]<\/p>\n","protected":false},"author":1,"featured_media":0,"parent":0,"menu_order":0,"comment_status":"closed","ping_status":"closed","template":"templates\/template-full.php","meta":{"footnotes":""},"class_list":["post-4","page","type-page","status-publish","hentry","post"],"_links":{"self":[{"href":"https:\/\/ccim.mq\/index.php?rest_route=\/wp\/v2\/pages\/4","targetHints":{"allow":["GET"]}}],"collection":[{"href":"https:\/\/ccim.mq\/index.php?rest_route=\/wp\/v2\/pages"}],"about":[{"href":"https:\/\/ccim.mq\/index.php?rest_route=\/wp\/v2\/types\/page"}],"author":[{"embeddable":true,"href":"https:\/\/ccim.mq\/index.php?rest_route=\/wp\/v2\/users\/1"}],"replies":[{"embeddable":true,"href":"https:\/\/ccim.mq\/index.php?rest_route=%2Fwp%2Fv2%2Fcomments&post=4"}],"version-history":[{"count":33,"href":"https:\/\/ccim.mq\/index.php?rest_route=\/wp\/v2\/pages\/4\/revisions"}],"predecessor-version":[{"id":210,"href":"https:\/\/ccim.mq\/index.php?rest_route=\/wp\/v2\/pages\/4\/revisions\/210"}],"wp:attachment":[{"href":"https:\/\/ccim.mq\/index.php?rest_route=%2Fwp%2Fv2%2Fmedia&parent=4"}],"curies":[{"name":"wp","href":"https:\/\/api.w.org\/{rel}","templated":true}]}}