{"id":300,"date":"2024-03-24T14:40:07","date_gmt":"2024-03-24T18:40:07","guid":{"rendered":"https:\/\/ccim.mq\/?page_id=300"},"modified":"2026-03-19T15:49:17","modified_gmt":"2026-03-19T19:49:17","slug":"testt","status":"publish","type":"page","link":"https:\/\/ccim.mq\/?page_id=300","title":{"rendered":"Informations Pratiques"},"content":{"rendered":"\n\n<p>\u00a0<\/p>\n<h2 class=\"wp-block-heading\" style=\"text-align: center;\">Lien du groupe WhatsApp de la communaut\u00e9<\/h2>\n<p>\u00a0<\/p>\n<center><\/center>\n<p>Vous souhaitez rester inform\u00e9 de toutes les annonces importantes (d\u00e9cisions, horaires de pri\u00e8re, d\u00e9but et fin du Ramadan, sorties, \u00e9v\u00e9nements, etc.) ?<\/p>\n<p>Rejoignez le groupe en cliquant sur le lien ci-dessous pour ne rien manquer :<\/p>\n<p style=\"text-align: left;\"><a href=\"https:\/\/chat.whatsapp.com\/HpCBteV0cVhEFc11243Rju\">https:\/\/chat.whatsapp.com\/HpCBteV0cVhEFc11243Rju<\/a><\/p>\n<p>\u00a0<\/p>\n\n\n<h2 class=\"wp-block-heading has-text-align-center\">Ecole Musulmane (de la maternelle au lyc\u00e9e)<\/h2>\n\n\n\n<\/br>\n\n\n\n<center><figure class=\"wp-block-image size-full\">\n  <a href=\"https:\/\/ecoledelapatience.com\" title=\"Ecole de la Patience\">\n    <img loading=\"lazy\" decoding=\"async\" width=\"337\" height=\"388\" src=\"https:\/\/ccim.mq\/wp-content\/uploads\/2024\/03\/Edlp.jpg\" alt=\"\" class=\"wp-image-320\" srcset=\"https:\/\/ccim.mq\/wp-content\/uploads\/2024\/03\/Edlp.jpg 337w, https:\/\/ccim.mq\/wp-content\/uploads\/2024\/03\/Edlp-261x300.jpg 261w\" sizes=\"auto, (max-width: 337px) 100vw, 337px\" \/>\n  <\/a>\n<\/figure><\/center>\n\n\n\n<p class=\"has-text-align-center\"><a href=\"https:\/\/ecoledelapatience.com\">Acc\u00e9dez directement \u00e0 son site internet<\/a><\/p>\n\n\n\n<\/br> <\/br>\n\n\n\n<p><\/p>\n\n\n\n<p><\/p>\n\n\n\n<center><h2 class=\"wp-block-heading\">Comment se rendre \u00e0 la mosqu\u00e9e de Balata ? <\/h2><\/center> <\/br>\n\n\n\n<p>Adresse : Domaine de Bellevue \/ Lotissement La Carri\u00e8re, Route de Balata 97234 Fort-de-France<\/p>\n\n\n\n<p>Depuis la Rocade :<\/p>\n\n\n\n<ul class=\"wp-block-list\">\n<li>prendre la sortie Pont-de-cha\u00eenes, direction RN3 &lsquo;Route de Balata&rsquo;,<\/li>\n\n\n\n<li>100m apr\u00e8s le centre commercial \u00ab\u00a0O&rsquo;coeur de Balata\u00a0\u00bb prendre la premi\u00e8re sortie \u00e0 droite.<\/li>\n<\/ul>\n\n\n\n<p>Bus n\u00b0: <strong>19<\/strong>, <strong>20<\/strong>, <strong>21<\/strong>, <strong>22<\/strong>, <strong>25&nbsp; &nbsp; &nbsp; &nbsp; &nbsp; <\/strong>Arr\u00eat : CROIS\u00c9E DESROCHERS<\/p>\n\n\n\n<p><iframe loading=\"lazy\" src=\"https:\/\/www.google.com\/maps\/embed?pb=!1m18!1m12!1m3!1d965.1396640729631!2d-61.07266097077821!3d14.6241996970183!2m3!1f0!2f0!3f0!3m2!1i1024!2i768!4f13.1!3m3!1m2!1s0x8c6aa6ea3bf385f1%3A0x2ec8228c66858327!2sCentre%20Culturel%20Islamique%20de%20la%20Martinique!5e0!3m2!1sfr!2sfr!4v1653616957605!5m2!1sfr!2sfr\" width=\"100%\" height=\"450\" allowfullscreen=\"allowfullscreen\"><\/iframe><\/p>\n","protected":false},"excerpt":{"rendered":"<p>\u00a0 Lien du groupe WhatsApp de la communaut\u00e9 \u00a0 Vous souhaitez rester inform\u00e9 de toutes les annonces importantes (d\u00e9cisions, horaires de pri\u00e8re, d\u00e9but et fin du Ramadan, sorties, \u00e9v\u00e9nements, etc.) ? Rejoignez le groupe en cliquant sur le lien ci-dessous pour ne rien manquer : https:\/\/chat.whatsapp.com\/HpCBteV0cVhEFc11243Rju \u00a0 Ecole Musulmane (de la maternelle au lyc\u00e9e) Acc\u00e9dez [&hellip;]<\/p>\n","protected":false},"author":2,"featured_media":0,"parent":4,"menu_order":4,"comment_status":"closed","ping_status":"closed","template":"templates\/template-full.php","meta":{"footnotes":""},"class_list":["post-300","page","type-page","status-publish","hentry","post"],"_links":{"self":[{"href":"https:\/\/ccim.mq\/index.php?rest_route=\/wp\/v2\/pages\/300","targetHints":{"allow":["GET"]}}],"collection":[{"href":"https:\/\/ccim.mq\/index.php?rest_route=\/wp\/v2\/pages"}],"about":[{"href":"https:\/\/ccim.mq\/index.php?rest_route=\/wp\/v2\/types\/page"}],"author":[{"embeddable":true,"href":"https:\/\/ccim.mq\/index.php?rest_route=\/wp\/v2\/users\/2"}],"replies":[{"embeddable":true,"href":"https:\/\/ccim.mq\/index.php?rest_route=%2Fwp%2Fv2%2Fcomments&post=300"}],"version-history":[{"count":30,"href":"https:\/\/ccim.mq\/index.php?rest_route=\/wp\/v2\/pages\/300\/revisions"}],"predecessor-version":[{"id":371,"href":"https:\/\/ccim.mq\/index.php?rest_route=\/wp\/v2\/pages\/300\/revisions\/371"}],"up":[{"embeddable":true,"href":"https:\/\/ccim.mq\/index.php?rest_route=\/wp\/v2\/pages\/4"}],"wp:attachment":[{"href":"https:\/\/ccim.mq\/index.php?rest_route=%2Fwp%2Fv2%2Fmedia&parent=300"}],"curies":[{"name":"wp","href":"https:\/\/api.w.org\/{rel}","templated":true}]}}