{"id":129,"date":"2022-01-12T21:23:34","date_gmt":"2022-01-13T01:23:34","guid":{"rendered":"https:\/\/ccim.mq\/?page_id=129"},"modified":"2024-03-24T14:47:22","modified_gmt":"2024-03-24T18:47:22","slug":"questions-frequentes","status":"publish","type":"page","link":"https:\/\/ccim.mq\/?page_id=129","title":{"rendered":"Questions fr\u00e9quentes"},"content":{"rendered":"\n\n\t<p><strong>Lislam s\u00e9 kisa?<\/strong><\/p>\n<p>L&rsquo;islam est une religion monoth\u00e9iste dont la foi est bas\u00e9e sur 6 piliers ou croyances fondamentales :<\/p>\n<ul>\n<li>L&rsquo;unicit\u00e9 d&rsquo;Allah (Elohim, Dieu, YHWH, Hashem, Adona\u00ef,&#8230;)<\/li>\n<li>Les anges, leur existence, et leur soumission absolue \u00e0 Dieu<\/li>\n<li>Les livres r\u00e9v\u00e9l\u00e9s (Feuillets d&rsquo;Abraham, Torah, Psaumes, \u00c9vangile,&#8230;)<\/li>\n<li>les Messagers et Proph\u00e8tes : No\u00e9, Abraham, Mo\u00efse, David, Salomon, J\u00e9sus, et d&rsquo;innombrables autres Envoy\u00e9s aux Nations.<\/li>\n<li>Le Jour du Jugement (Jour du Seigneur, Jugement Dernier)<\/li>\n<li>Le Destin, qu&rsquo;il soit bon ou mauvais<\/li>\n<\/ul>\n<p><strong>D\u00e9pi ki tan lislam riv\u00e9 Matinik?<\/strong><\/p>\n<p>Apr\u00e8s l&rsquo;abolition de l&rsquo;esclavage, des vagues successives d&rsquo;immigration ont contribu\u00e9 \u00e0 enrichir la cr\u00e9olit\u00e9 avec les communaut\u00e9s que l&rsquo;on conna\u00eet : Indiens, Syriens, Chinois, Africains, chacun apportant son lot de langues, de gastronomies, de croyances, de cultures. Ainsi, les martiniquais musulmans prosp\u00e8rent paisiblement sur l&rsquo;\u00eele depuis pr\u00e8s de 150 ans.<\/p>\n<p><b>S\u00e9 yen ki syrien \u00e8k afritjen ki mizilman al\u00f2 ?<\/b><\/p>\n<p>Parmi les musulmans on retrouve des compatriotes fran\u00e7ais et martiniquais de diff\u00e9rentes origines, parfois issus de familles trouvant leurs racines en Syrie, en Palestine, au S\u00e9n\u00e9gal, au Mali, ou encore au Maghreb, parfois issus de familles cr\u00e9oles ayant adopt\u00e9 l&rsquo;islam r\u00e9cemment ou depuis plusieurs g\u00e9n\u00e9rations.<\/p>\n<p><strong>Poutji s\u00e9 mizilman-an toujou ka matj\u00e9 arab toupatou?<\/strong><\/p>\n<p>L&rsquo;arabe est la langue \u00ab\u00a0liturgique\u00a0\u00bb de l&rsquo;islam, la langue du Coran, la langue commune aux milliards de musulmans du monde. De par son statut hautement important dans le culte et la culture islamique, la langue arabe est parl\u00e9e, apprise, lue, psalmodi\u00e9e, et m\u00eame calligraphi\u00e9e par de nombreux musulmans m\u00eame en Martinique. Ki blan ki n\u00e8g ki arab, an lapriy\u00e8-nou s\u00e9 arab nou ka pal\u00e9 !<\/p>\n<p>&nbsp;<\/p>\n<p>Pour toute question, sur tout sujet, <a href=\"https:\/\/ccim.mq\/?page_id=120\">contactez-nous<\/a> sans h\u00e9siter !<\/p>\n\n","protected":false},"excerpt":{"rendered":"<p>Lislam s\u00e9 kisa? L&rsquo;islam est une religion monoth\u00e9iste dont la foi est bas\u00e9e sur 6 piliers ou croyances fondamentales : L&rsquo;unicit\u00e9 d&rsquo;Allah (Elohim, Dieu, YHWH, Hashem, Adona\u00ef,&#8230;) Les anges, leur existence, et leur soumission absolue \u00e0 Dieu Les livres r\u00e9v\u00e9l\u00e9s (Feuillets d&rsquo;Abraham, Torah, Psaumes, \u00c9vangile,&#8230;) les Messagers et Proph\u00e8tes : No\u00e9, Abraham, Mo\u00efse, David, Salomon, [&hellip;]<\/p>\n","protected":false},"author":1,"featured_media":0,"parent":300,"menu_order":2,"comment_status":"closed","ping_status":"closed","template":"templates\/template-full.php","meta":{"footnotes":""},"class_list":["post-129","page","type-page","status-publish","hentry","post"],"_links":{"self":[{"href":"https:\/\/ccim.mq\/index.php?rest_route=\/wp\/v2\/pages\/129","targetHints":{"allow":["GET"]}}],"collection":[{"href":"https:\/\/ccim.mq\/index.php?rest_route=\/wp\/v2\/pages"}],"about":[{"href":"https:\/\/ccim.mq\/index.php?rest_route=\/wp\/v2\/types\/page"}],"author":[{"embeddable":true,"href":"https:\/\/ccim.mq\/index.php?rest_route=\/wp\/v2\/users\/1"}],"replies":[{"embeddable":true,"href":"https:\/\/ccim.mq\/index.php?rest_route=%2Fwp%2Fv2%2Fcomments&post=129"}],"version-history":[{"count":6,"href":"https:\/\/ccim.mq\/index.php?rest_route=\/wp\/v2\/pages\/129\/revisions"}],"predecessor-version":[{"id":138,"href":"https:\/\/ccim.mq\/index.php?rest_route=\/wp\/v2\/pages\/129\/revisions\/138"}],"up":[{"embeddable":true,"href":"https:\/\/ccim.mq\/index.php?rest_route=\/wp\/v2\/pages\/300"}],"wp:attachment":[{"href":"https:\/\/ccim.mq\/index.php?rest_route=%2Fwp%2Fv2%2Fmedia&parent=129"}],"curies":[{"name":"wp","href":"https:\/\/api.w.org\/{rel}","templated":true}]}}