{"id":109,"date":"2022-01-10T21:37:15","date_gmt":"2022-01-11T01:37:15","guid":{"rendered":"https:\/\/ccim.mq\/?page_id=109"},"modified":"2024-06-24T22:37:05","modified_gmt":"2024-06-25T02:37:05","slug":"action-culturelle","status":"publish","type":"page","link":"https:\/\/ccim.mq\/?page_id=109","title":{"rendered":"Action culturelle"},"content":{"rendered":"\n<h2>\n\t\tCours de langue arabe\n\t<\/h2>\n\t<p>Le Centre Culturel Islamique de la Martinique se pr\u00e9pare \u00e0 offrir des cours de lange Arabe pour enfants et adultes. Afin d&rsquo;estimer le nombre de b\u00e9n\u00e9ficiaires, et ainsi les besoins en \u00e9quipements p\u00e9dagogiques, nous vous prions de remplir ce formulaire de pr\u00e9-inscription (un par personne) :<\/p>\n<p><a href=\"https:\/\/forms.gle\/ATijWTipT3xBeEHp6\">https:\/\/forms.gle\/ATijWTipT3xBeEHp6<\/a><\/p>\n<p>Merci de partager ce formulaire avec vos proches ou toutes personnes int\u00e9ress\u00e9es !<\/p>\n<p>Informations par Whats&rsquo;App au <a href=\"https:\/\/wa.me\/596696188148\">0696 18 81 48<\/a><\/p>\n\t\t\t\t<img loading=\"lazy\" decoding=\"async\" src=\"https:\/\/ccim.mq\/wp-content\/uploads\/2022\/01\/pexels-mona-termos-3139298-scaled.jpeg\" alt=\"pexels-mona-termos-3139298\" itemprop=\"image\" height=\"1707\" width=\"2560\" title=\"pexels-mona-termos-3139298\" onerror=\"this.style.display='none'\"  \/>\n\t\t\t\t<img loading=\"lazy\" decoding=\"async\" src=\"https:\/\/ccim.mq\/wp-content\/uploads\/2022\/01\/main-image.jpeg\" alt=\"main-image\" itemprop=\"image\" height=\"968\" width=\"1200\" title=\"main-image\" onerror=\"this.style.display='none'\"  \/>\n<h2>\n\t\tConf\u00e9rences et Expositions\n\t<\/h2>\n\t<p>Programme prochainement disponible.<\/p>\n\n","protected":false},"excerpt":{"rendered":"<p>Cours de langue arabe Le Centre Culturel Islamique de la Martinique se pr\u00e9pare \u00e0 offrir des cours de lange Arabe pour enfants et adultes. Afin d&rsquo;estimer le nombre de b\u00e9n\u00e9ficiaires, et ainsi les besoins en \u00e9quipements p\u00e9dagogiques, nous vous prions de remplir ce formulaire de pr\u00e9-inscription (un par personne) : https:\/\/forms.gle\/ATijWTipT3xBeEHp6 Merci de partager ce [&hellip;]<\/p>\n","protected":false},"author":1,"featured_media":0,"parent":4,"menu_order":1,"comment_status":"closed","ping_status":"closed","template":"templates\/template-full.php","meta":{"footnotes":""},"class_list":["post-109","page","type-page","status-publish","hentry","post"],"_links":{"self":[{"href":"https:\/\/ccim.mq\/index.php?rest_route=\/wp\/v2\/pages\/109","targetHints":{"allow":["GET"]}}],"collection":[{"href":"https:\/\/ccim.mq\/index.php?rest_route=\/wp\/v2\/pages"}],"about":[{"href":"https:\/\/ccim.mq\/index.php?rest_route=\/wp\/v2\/types\/page"}],"author":[{"embeddable":true,"href":"https:\/\/ccim.mq\/index.php?rest_route=\/wp\/v2\/users\/1"}],"replies":[{"embeddable":true,"href":"https:\/\/ccim.mq\/index.php?rest_route=%2Fwp%2Fv2%2Fcomments&post=109"}],"version-history":[{"count":7,"href":"https:\/\/ccim.mq\/index.php?rest_route=\/wp\/v2\/pages\/109\/revisions"}],"predecessor-version":[{"id":185,"href":"https:\/\/ccim.mq\/index.php?rest_route=\/wp\/v2\/pages\/109\/revisions\/185"}],"up":[{"embeddable":true,"href":"https:\/\/ccim.mq\/index.php?rest_route=\/wp\/v2\/pages\/4"}],"wp:attachment":[{"href":"https:\/\/ccim.mq\/index.php?rest_route=%2Fwp%2Fv2%2Fmedia&parent=109"}],"curies":[{"name":"wp","href":"https:\/\/api.w.org\/{rel}","templated":true}]}}